{"id":224,"date":"2023-03-16T10:24:27","date_gmt":"2023-03-16T09:24:27","guid":{"rendered":"https:\/\/arroyoinclusivo.es\/?page_id=224"},"modified":"2023-03-28T11:52:49","modified_gmt":"2023-03-28T10:52:49","slug":"colaboradores","status":"publish","type":"page","link":"https:\/\/arroyoinclusivo.es\/index.php\/colaboradores\/","title":{"rendered":"COLABORADORES"},"content":{"rendered":"<div class=\"wp-block-image\">\n<figure class=\"aligncenter size-full is-resized\"><a href=\"http:\/\/danielsanmiguel.com\/\" target=\"_blank\" rel=\"noreferrer noopener\"><img loading=\"lazy\" decoding=\"async\" src=\"https:\/\/arroyoinclusivo.es\/wp-content\/uploads\/2023\/03\/Daniel-San-Miguel.jpeg\" alt=\"\" class=\"wp-image-225\" width=\"657\" height=\"370\" srcset=\"https:\/\/arroyoinclusivo.es\/wp-content\/uploads\/2023\/03\/Daniel-San-Miguel.jpeg 472w, https:\/\/arroyoinclusivo.es\/wp-content\/uploads\/2023\/03\/Daniel-San-Miguel-300x169.jpeg 300w\" sizes=\"auto, (max-width: 657px) 100vw, 657px\" \/><\/a><figcaption class=\"wp-element-caption\">Agradecimiento a Daniel San Miguel por su tiempo y dedicaci\u00f3n al dise\u00f1ar el logo de la Asociaci\u00f3n.<\/figcaption><\/figure>\n<\/div>\n\n<div class=\"wp-block-image\">\n<figure class=\"aligncenter size-full is-resized\"><a href=\"https:\/\/www.atletismoarroyo.es\/\" target=\"_blank\" rel=\"noreferrer noopener\"><img loading=\"lazy\" decoding=\"async\" src=\"https:\/\/arroyoinclusivo.es\/wp-content\/uploads\/2023\/03\/Club-Atletismo-Arroyo-2.png\" alt=\"\" class=\"wp-image-250\" width=\"201\" height=\"201\" srcset=\"https:\/\/arroyoinclusivo.es\/wp-content\/uploads\/2023\/03\/Club-Atletismo-Arroyo-2.png 200w, https:\/\/arroyoinclusivo.es\/wp-content\/uploads\/2023\/03\/Club-Atletismo-Arroyo-2-150x150.png 150w, https:\/\/arroyoinclusivo.es\/wp-content\/uploads\/2023\/03\/Club-Atletismo-Arroyo-2-80x80.png 80w\" sizes=\"auto, (max-width: 201px) 100vw, 201px\" \/><\/a><figcaption class=\"wp-element-caption\"><strong><mark style=\"background-color:rgba(0, 0, 0, 0)\" class=\"has-inline-color has-vivid-cyan-blue-color\">CLUB DE ATLETISMO DE ARROYO<\/mark><\/strong><\/figcaption><\/figure>\n<\/div>\n\n<div class=\"wp-block-image\">\n<figure class=\"aligncenter size-full is-resized\"><a href=\"https:\/\/www.aytoarroyo.es\/asociaciones\/cd-ciclista-ribera-arroyo\"><img loading=\"lazy\" decoding=\"async\" src=\"https:\/\/arroyoinclusivo.es\/wp-content\/uploads\/2023\/03\/Club-ciclista.jpg\" alt=\"\" class=\"wp-image-251\" width=\"160\" height=\"160\" srcset=\"https:\/\/arroyoinclusivo.es\/wp-content\/uploads\/2023\/03\/Club-ciclista.jpg 160w, https:\/\/arroyoinclusivo.es\/wp-content\/uploads\/2023\/03\/Club-ciclista-150x150.jpg 150w, https:\/\/arroyoinclusivo.es\/wp-content\/uploads\/2023\/03\/Club-ciclista-80x80.jpg 80w\" sizes=\"auto, (max-width: 160px) 100vw, 160px\" \/><\/a><figcaption class=\"wp-element-caption\"><strong>CLUB CICLISTA RIBERA ARROYO<\/strong><\/figcaption><\/figure>\n<\/div>","protected":false},"excerpt":{"rendered":"","protected":false},"author":2,"featured_media":0,"parent":0,"menu_order":3,"comment_status":"closed","ping_status":"closed","template":"page-templates\/child-menu.php","meta":{"footnotes":""},"class_list":["post-224","page","type-page","status-publish","hentry"],"_links":{"self":[{"href":"https:\/\/arroyoinclusivo.es\/index.php\/wp-json\/wp\/v2\/pages\/224","targetHints":{"allow":["GET"]}}],"collection":[{"href":"https:\/\/arroyoinclusivo.es\/index.php\/wp-json\/wp\/v2\/pages"}],"about":[{"href":"https:\/\/arroyoinclusivo.es\/index.php\/wp-json\/wp\/v2\/types\/page"}],"author":[{"embeddable":true,"href":"https:\/\/arroyoinclusivo.es\/index.php\/wp-json\/wp\/v2\/users\/2"}],"replies":[{"embeddable":true,"href":"https:\/\/arroyoinclusivo.es\/index.php\/wp-json\/wp\/v2\/comments?post=224"}],"version-history":[{"count":8,"href":"https:\/\/arroyoinclusivo.es\/index.php\/wp-json\/wp\/v2\/pages\/224\/revisions"}],"predecessor-version":[{"id":255,"href":"https:\/\/arroyoinclusivo.es\/index.php\/wp-json\/wp\/v2\/pages\/224\/revisions\/255"}],"wp:attachment":[{"href":"https:\/\/arroyoinclusivo.es\/index.php\/wp-json\/wp\/v2\/media?parent=224"}],"curies":[{"name":"wp","href":"https:\/\/api.w.org\/{rel}","templated":true}]}}