{"id":358,"date":"2024-09-24T12:30:28","date_gmt":"2024-09-24T11:30:28","guid":{"rendered":"https:\/\/arroyoinclusivo.es\/?page_id=358"},"modified":"2024-09-24T12:30:28","modified_gmt":"2024-09-24T11:30:28","slug":"politica-de-privacidad-asociacion-arroyo-inclusivo","status":"publish","type":"page","link":"https:\/\/arroyoinclusivo.es\/index.php\/politica-de-privacidad-asociacion-arroyo-inclusivo\/","title":{"rendered":"Pol\u00edtica de privacidad Asociaci\u00f3n Arroyo Inclusivo"},"content":{"rendered":"\n<p>La asociaci\u00f3n Arroyo Inclusivo es responsable de los datos que nos proporcione. La finalidad de los datos estar\u00e1 restringida a la respuesta a la solicitud de informaci\u00f3n requerida por usted en el formulario de contacto. En el caso de los socios de la Asociaci\u00f3n Arroyo Inclusivo, la finalidad de los datos incluir\u00e1 los indicados la pol\u00edtica de privacidad y protecci\u00f3n de datos que firm\u00f3 en el formulario de alta en la asociaci\u00f3n y que incluye la comunicaci\u00f3n de actividades de la asociaci\u00f3n y la comunicaci\u00f3n de convocatorias de juntas ordinarias y\/o extraordinarias. <\/p>\n\n\n\n<p>La Asociaci\u00f3n tratar\u00e1 y conservar\u00e1 sus datos de acuerdo con la normativa vigente, sin perjuicio de que como interesado pueda solicitar en todo caso, la limitaci\u00f3n del tratamiento de sus datos. En ciertos supuestos podr\u00e1 ejercitar su derecho a la portabilidad de los datos, que ser\u00e1n entregados en un formato estructurado, de uso com\u00fan o lectura mec\u00e1nica a usted o al nuevo responsable de tratamiento que designe. Tendr\u00e1 derecho a revocar en cualquier momento el consentimiento para cualquiera de los tratamientos para los que lo ha otorgado. Para ejercitar sus derechos comun\u00edquese con nosotros a trav\u00e9s de la direcci\u00f3n de correo electr\u00f3nico <a href=\"mailto:info@arroyoinclusivo.es\">info@arroyoinclusivo.es\u00a0<\/a><\/p>\n\n\n\n<p><\/p>\n","protected":false},"excerpt":{"rendered":"<p>La asociaci\u00f3n Arroyo Inclusivo es responsable de los datos que nos proporcione. La finalidad de los datos estar\u00e1 restringida a la respuesta a la solicitud de informaci\u00f3n requerida por usted en el formulario de&#46;&#46;&#46;<\/p>\n","protected":false},"author":1,"featured_media":0,"parent":0,"menu_order":0,"comment_status":"closed","ping_status":"closed","template":"","meta":{"footnotes":""},"class_list":["post-358","page","type-page","status-publish","hentry"],"_links":{"self":[{"href":"https:\/\/arroyoinclusivo.es\/index.php\/wp-json\/wp\/v2\/pages\/358","targetHints":{"allow":["GET"]}}],"collection":[{"href":"https:\/\/arroyoinclusivo.es\/index.php\/wp-json\/wp\/v2\/pages"}],"about":[{"href":"https:\/\/arroyoinclusivo.es\/index.php\/wp-json\/wp\/v2\/types\/page"}],"author":[{"embeddable":true,"href":"https:\/\/arroyoinclusivo.es\/index.php\/wp-json\/wp\/v2\/users\/1"}],"replies":[{"embeddable":true,"href":"https:\/\/arroyoinclusivo.es\/index.php\/wp-json\/wp\/v2\/comments?post=358"}],"version-history":[{"count":1,"href":"https:\/\/arroyoinclusivo.es\/index.php\/wp-json\/wp\/v2\/pages\/358\/revisions"}],"predecessor-version":[{"id":359,"href":"https:\/\/arroyoinclusivo.es\/index.php\/wp-json\/wp\/v2\/pages\/358\/revisions\/359"}],"wp:attachment":[{"href":"https:\/\/arroyoinclusivo.es\/index.php\/wp-json\/wp\/v2\/media?parent=358"}],"curies":[{"name":"wp","href":"https:\/\/api.w.org\/{rel}","templated":true}]}}